{"id":10000278,"date":"2015-08-10T15:32:57","date_gmt":"2015-08-10T13:32:57","guid":{"rendered":"https:\/\/www.fh-joanneum.at\/diaetologie\/bachelor\/?page_id=278"},"modified":"2024-09-06T11:37:58","modified_gmt":"2024-09-06T09:37:58","slug":"studienabschluss","status":"publish","type":"page","link":"https:\/\/www.fh-joanneum.at\/diaetologie\/bachelor\/im-studium\/studienabschluss\/","title":{"rendered":"Studienabschluss"},"content":{"rendered":"<div id=\"\" class=\"wp-block-text-content margin-bottom-none\">\n    <div class=\"container-lg\">\n        <div class=\"row\">\n            <div class=\"col\">\n                <div class=\"module-migration-headline\">\n<h3>Voraussetzungen f&uuml;r den Studienabschluss<\/h3>\n<\/div>\n\n            <\/div>\n        <\/div>\n            <\/div>\n<\/div>\n\n\n<div id=\"\" class=\"wp-block-text-content margin-bottom-normal\">\n    <div class=\"container-lg\">\n        <div class=\"row\">\n            <div class=\"col\">\n                <p>Um das Studium &bdquo;Di&auml;tologie&ldquo; positiv abzuschlie&szlig;en, m&uuml;ssen Sie:<\/p>\n<ul>\n<li>alle Lehrveranstaltungen positiv absolvieren<\/li>\n<li>alle Berufspraktika positiv absolvieren<\/li>\n<li>eine Bachelorarbeiten verfassen, die positiv bewertet werden muss<\/li>\n<li>die Bachelorpr&uuml;fung positiv ablegen<\/li>\n<\/ul>\n<p>Ihr Titel nach dem Studienabschluss lautet &bdquo;Bachelor of Science in Health Studies (BSc)&ldquo;<\/p>\n\n            <\/div>\n        <\/div>\n            <\/div>\n<\/div>\n\n\n<div id=\"\" class=\"wp-block-text-content margin-bottom-none\">\n    <div class=\"container-lg\">\n        <div class=\"row\">\n            <div class=\"col\">\n                <div class=\"module-migration-headline\">\n<h4>Bachelorarbeiten<\/h4>\n<\/div>\n\n            <\/div>\n        <\/div>\n            <\/div>\n<\/div>\n\n\n<div id=\"\" class=\"wp-block-text-content margin-bottom-normal\">\n    <div class=\"container-lg\">\n        <div class=\"row\">\n            <div class=\"col\">\n                <p>Unsere Studierenden verfassen im Rahmen ihres Studiums eine Bachelorarbeit im sechsten Semester.<\/p>\n<p>Die F&auml;higkeiten wie Fragestellungen zu entwickeln und mit wissenschaftlichen Methoden bearbeiten zu k&ouml;nnen&ndash;, die im Zuge der Bachelorarbeit vermittelt werden, sind sowohl Kernkompetenzen im sp&auml;teren Berufsalltag unserer Studierenden als auch eine Voraussetzung f&uuml;r weitere Studien. Arbeiten mit Praxisbezug sind ausdr&uuml;cklich erw&uuml;nscht. Die Fragestellungen k&ouml;nnen in Verbindung mit dem Berufspraktikum stehen und \/ oder in Kooperation mit Institutionen oder Firmen bearbeitet werden.<\/p>\n<p>Die Themen der Bachelorarbeiten sind generell frei w&auml;hlbar. Auch ein Themenkatalog, der Vorschl&auml;ge des Kollegiums umfasst, ist am Institut vorhanden. Die Erarbeitung der Bachelorarbeit wird im Rahmen eines Begleitseminars unterst&uuml;tzt. Betreuerinnen und Betreuer helfen unseren Studierenden zus&auml;tzlich individuell bei fachlichen, inhaltlichen oder wissenschaftlichen Fragen.<br>\nF&uuml;r die Bearbeitung eines umfangreichen Themas k&ouml;nnen auch zwei oder mehrere Studierende zusammen an einem Thema erarbeiten.<\/p>\n\n            <\/div>\n        <\/div>\n            <\/div>\n<\/div>\n\n\n<div id=\"\" class=\"wp-block-text-content margin-bottom-none\">\n    <div class=\"container-lg\">\n        <div class=\"row\">\n            <div class=\"col\">\n                <div class=\"module-migration-headline\">\n<h4>Bachelorpr&uuml;fung<\/h4>\n<\/div>\n\n            <\/div>\n        <\/div>\n            <\/div>\n<\/div>\n\n\n<div id=\"\" class=\"wp-block-text-content margin-bottom-normal\">\n    <div class=\"container-lg\">\n        <div class=\"row\">\n            <div class=\"col\">\n                <p>Durch die Bachelorpr&uuml;fung wird festgestellt, ob unsere Studierenden die grundlegenden F&auml;higkeiten und Fertigkeiten als Di&auml;tologin beziehungsweise Di&auml;tologe erworben haben. Kenntnisse der Methodik, Systematik und Begrifflichkeit in den Sachgebieten des Studiengangs werden vorausgesetzt.<\/p>\n<p>Die kommissionelle Pr&uuml;fung setzt sich dabei aus der Pr&auml;sentation der Bachelorarbeit und einem Pr&uuml;fungsgespr&auml;ch &uuml;ber die durchgef&uuml;hrte Arbeit sowie deren Querverbindungen zu Teilgebieten des Curriculums zusammen. <\/p>\n<p>Die Pr&uuml;fungskommission besteht aus bis zu sechs Personen. Bei der Zusammensetzung wird sichergestellt, dass Mitglieder des Lehr- und Forschungspersonals teilnehmen, die sowohl fachspezifische als auch medizinische Inhalte abdecken. Der Pr&uuml;fungskommission setzt sich demnach folgenderma&szlig;en zusammen:<\/p>\n<ul>\n<li>eine Medizinerin oder ein Mediziner<\/li>\n<li>bei Bedarf die Betreuerinnen oder Betreuer der Bachelorarbeiten<\/li>\n<li>hauptberufliche, berufsspezifische oder externe Lehrende <\/li>\n<\/ul>\n\n            <\/div>\n        <\/div>\n            <\/div>\n<\/div>\n\n\n<div id=\"\" class=\"wp-block-text-content margin-bottom-none\">\n    <div class=\"container-lg\">\n        <div class=\"row\">\n            <div class=\"col\">\n                <div class=\"module-migration-headline\">\n<h3>Nach dem Bachelorabschluss<\/h3>\n<\/div>\n\n            <\/div>\n        <\/div>\n            <\/div>\n<\/div>\n\n\n<div id=\"\" class=\"wp-block-text-content margin-bottom-normal\">\n    <div class=\"container-lg\">\n        <div class=\"row\">\n            <div class=\"col\">\n                <p>Nach dem Abschluss des Bachelorstudiums ist es f&uuml;r unsere Studierenden m&ouml;glich den Masterlehrgang <a href=\"https:\/\/fh-joanneum.at\/angewandte-ernaehrungsmedizin\/postgraduate\/\">&bdquo;Angewandte Ern&auml;hrungsmedizin&ldquo;<\/a> an der FH JOANNEUM zu beginnen. Der Lehrgang wird berufsbegleitend in Kooperation mit der Medizinischen Universit&auml;t Graz angeboten. Ein Einstieg kann generell unmittelbar nach dem Abschluss des Bachelorstudiums erfolgen.<\/p>\n<p>Im Fokus der Ausbildung stehen die interdisziplin&auml;re Zusammenarbeit zwischen Di&auml;tologinnen und Di&auml;tologen sowie &Auml;rztinnen und &Auml;rzten und der wechselseitige Nutzen der jeweiligen Kompetenzen. Das Studium umfasst insgesamt acht Module in vier Semestern sowie das Verfassen einer Masterarbeit.<\/p>\n<p>Unsere Studierenden, die sich eher im Bereich Management weiter qualifizieren wollen, erf&uuml;llen auch die Zugangsvoraussetzungen f&uuml;r den Masterstudiengang <a href=\"https:\/\/www.fh-joanneum.at\/gesundheitsmanagement-und-public-health\/master\/\">&bdquo;Gesundheitsmanagment und Public Health&ldquo;<\/a> an der FH JOANNEUM. Mit zweij&auml;hriger Berufspraxis ist f&uuml;r unsere Studierenden auch eine Teilnahme am Masterlehrgang <a href=\"https:\/\/fh-joanneum.at\/health-care-and-hospital-management\/postgraduate\/\">&bdquo;Health Care and Hospital Management&ldquo;<\/a>, der in Kooperation mit der medizinischen Universit&auml;t Graz angeboten wird, m&ouml;glich.<\/p>\n\n            <\/div>\n        <\/div>\n            <\/div>\n<\/div>\n","protected":false},"excerpt":{"rendered":"<p>Mit Ihrem Abschluss legen Sie den Grundstein f\u00fcr Ihre berufliche Zukunft. Welche Voraussetzungen Sie f\u00fcr den erfolgreichen Abschluss Ihres Studiums ben\u00f6tigen und alles, was Sie sonst noch wissen sollten, verraten wir Ihnen hier.<\/p>\n","protected":false},"author":12,"featured_media":0,"parent":10000263,"menu_order":64,"comment_status":"closed","ping_status":"closed","template":"","meta":{"_acf_changed":false,"footnotes":""},"acf":[],"aioseo_notices":[],"_links":{"self":[{"href":"https:\/\/www.fh-joanneum.at\/diaetologie\/bachelor\/wp-json\/wp\/v2\/pages\/10000278"}],"collection":[{"href":"https:\/\/www.fh-joanneum.at\/diaetologie\/bachelor\/wp-json\/wp\/v2\/pages"}],"about":[{"href":"https:\/\/www.fh-joanneum.at\/diaetologie\/bachelor\/wp-json\/wp\/v2\/types\/page"}],"author":[{"embeddable":true,"href":"https:\/\/www.fh-joanneum.at\/diaetologie\/bachelor\/wp-json\/wp\/v2\/users\/12"}],"replies":[{"embeddable":true,"href":"https:\/\/www.fh-joanneum.at\/diaetologie\/bachelor\/wp-json\/wp\/v2\/comments?post=10000278"}],"version-history":[{"count":1,"href":"https:\/\/www.fh-joanneum.at\/diaetologie\/bachelor\/wp-json\/wp\/v2\/pages\/10000278\/revisions"}],"predecessor-version":[{"id":10000952,"href":"https:\/\/www.fh-joanneum.at\/diaetologie\/bachelor\/wp-json\/wp\/v2\/pages\/10000278\/revisions\/10000952"}],"up":[{"embeddable":true,"href":"https:\/\/www.fh-joanneum.at\/diaetologie\/bachelor\/wp-json\/wp\/v2\/pages\/10000263"}],"wp:attachment":[{"href":"https:\/\/www.fh-joanneum.at\/diaetologie\/bachelor\/wp-json\/wp\/v2\/media?parent=10000278"}],"curies":[{"name":"wp","href":"https:\/\/api.w.org\/{rel}","templated":true}]}}